{"id":22,"date":"2017-05-30T10:23:20","date_gmt":"2017-05-30T08:23:20","guid":{"rendered":"http:\/\/btewa.com.pl\/?page_id=22"},"modified":"2017-06-28T11:39:05","modified_gmt":"2017-06-28T09:39:05","slug":"polityka-prywatnosci","status":"publish","type":"page","link":"https:\/\/www.btewa.com.pl\/?page_id=22","title":{"rendered":"Polityka prywatno\u015bci"},"content":{"rendered":"<p><span class=\"blue1 f16 \">Strony internetowe btewa u\u017cywaj\u0105 plik\u00f3w cookies (ciasteczek), dzi\u0119ki kt\u00f3rym mog\u0105 dzia\u0142a\u0107 jeszcze lepiej.\u00a0<\/span><\/p>\n<p align=\"justify\"><span class=\"black\">Co to jest plik cookie?<\/span><\/p>\n<p>Pliki cookies popularnie zwane &#8222;ciasteczkami&#8221; s\u0105 niewielkimi, zawieraj\u0105cymi informacje plikami tekstowymi, wysy\u0142anymi przez serwer www i zapisywanymi po stronie u\u017cytkownika na komputerze, laptopie, urz\u0105dzeniu mobilnym lub innym urz\u0105dzeniu podczas przegl\u0105dania stron internetowych. Przegl\u0105darka przesy\u0142a zawarte w plikach cookies informacje, zapisane np.: na dysku twardym, z powrotem do strony odwiedzanej lub do innej strony internetowej, kt\u00f3ra rozpoznaje dany plik cookie, po ka\u017cdej kolejnej wizycie na danej stronie. Parametry tych plik\u00f3w umo\u017cliwiaj\u0105 odczytanie informacji w nich zawartych jedynie serwerowi, kt\u00f3ry je utworzy\u0142. Pozwala to danej stronie internetowej rozpozna\u0107 urz\u0105dzenie u\u017cytkownika i wy\u015bwietli\u0107 dopasowan\u0105 do preferencji stron\u0119 internetow\u0105. &#8222;Ciasteczka&#8221; s\u0105 najcz\u0119\u015bciej stosowane w przypadku stron wymagaj\u0105cych logowania, reklam i do monitorowania aktywno\u015bci odwiedzaj\u0105cych oraz zawieraj\u0105 nazw\u0119 domeny serwisu internetowego, z kt\u00f3rego pochodz\u0105, czas przechowywania ich na urz\u0105dzeniu ko\u0144cowym oraz niepowtarzalny numer.<\/p>\n<p><span class=\"black\">Nale\u017cy pami\u0119ta\u0107, \u017ce cookies:<\/span><\/p>\n<ul>\n<li>nie s\u0142u\u017c\u0105 identyfikacji u\u017cytkownik\u00f3w i na ich podstawie nie jest ustalana czyjakolwiek to\u017csamo\u015b\u0107<\/li>\n<li>nie s\u0105 szkodliwe i nie wp\u0142ywaj\u0105 na spos\u00f3b dzia\u0142ania urz\u0105dze\u0144<\/li>\n<li>nie powoduj\u0105 zmian w konfiguracji urz\u0105dze\u0144 ani w oprogramowaniu<\/li>\n<li>domy\u015blne parametry cookies pozwalaj\u0105 na odczytanie informacji w nich zawartych jedynie serwerowi, kt\u00f3ry je utworzy\u0142<\/li>\n<\/ul>\n<p><span class=\"black\">Rodzaje cookies u\u017cywanych na stronach:<\/span><\/p>\n<p align=\"justify\"><strong>Trwa\u0142e pliki cookies<\/strong>\u00a0\u2013 dzi\u0119ki takim plikom korzystanie z cz\u0119sto odwiedzanych stron jest \u0142atwiejsze. &#8222;Ciasteczka&#8221; pozostaj\u0105 na urz\u0105dzeniu u\u017cytkownika przez okres czasu okre\u015blony w tych plikach. B\u0119d\u0105 one aktywowane za ka\u017cdym razem, kiedy u\u017cytkownik odwiedzi stron\u0119 internetow\u0105. Pliki pozostaj\u0105 na urz\u0105dzeniu przez czas okre\u015blony w parametrach cookies albo do momentu ich r\u0119cznego usuni\u0119cia.<\/p>\n<p><strong>Sesyjne pliki cookies\u00a0<\/strong>\u2013 takie pliki pozwalaj\u0105 operatorom witryn internetowych rejestrowa\u0107 dzia\u0142ania u\u017cytkownika podczas danej sesji przegl\u0105darki. Pliki s\u0105 tymczasowe i pozostaj\u0105 na urz\u0105dzeniu a\u017c do momentu wylogowania ze strony internetowej lub wy\u0142\u0105czenia przegl\u0105darki.<\/p>\n<p><span class=\"black\">Co daj\u0105 pliki cookies?<\/span><\/p>\n<p>Dzi\u0119ki plikom cookies korzystanie ze stron internetowych jest \u0142atwiejsze, pliki pozwalaj\u0105 mi\u0119dzy innymi porusza\u0107 si\u0119 po stronach internetowych szybciej, pami\u0119taj\u0105 preferencje dla danych stron i og\u00f3lnie poprawiaj\u0105 jako\u015b\u0107 korzystania z internetu. Przyk\u0142adowo mog\u0105 zapami\u0119tywa\u0107 poprzednie czynno\u015bci i ustawienia podczas wracania na stron\u0119 tej samej sesji. &#8222;Ciasteczka&#8221; mog\u0105 by\u0107 r\u00f3wnie\u017c wykorzystywane do zapami\u0119tania dokonanych zmian w rozmiarze tekstu, czcionki i innych cz\u0119\u015bci stron internetowych, kt\u00f3re mo\u017cna dostosowa\u0107 wed\u0142ug w\u0142asnych upodoba\u0144. Cookies s\u0105 niezb\u0119dne do prawid\u0142owego funkcjonowania strony www, pozwalaj\u0105 na poruszanie si\u0119 po stronie oraz u\u017cywanie poszczeg\u00f3lnych element\u00f3w. Najcz\u0119\u015bciej s\u0105 u\u017cywane w celach statystycznych, marketingowych oraz w celu dostosowania zawarto\u015bci stron internetowych do preferencji u\u017cytkownika. &#8222;Ciasteczka&#8221; przechowuj\u0105 tak\u017ce informacj\u0119 o geolokalizacji, j\u0119zyku odwiedzaj\u0105cego stron\u0119, a tak\u017ce losowe dane dotycz\u0105ce identyfikator\u00f3w sesji. Takie gromadzenie danych pomaga zrozumie\u0107 w jaki spos\u00f3b u\u017cytkownik korzysta ze stron internetowych, co z kolei pozwala na ulepszania ich zawarto\u015bci i struktury. Informacje zbierane przez te pliki s\u0105 kumulowane i dlatego pozostaj\u0105 anonimowe.<\/p>\n<p><span class=\"black\">W jakim celu s\u0105 stosowane pliki cookies?<\/span><\/p>\n<ul>\n<li>utrzymuj\u0105 sesj\u0119 u\u017cytkownika (po zalogowaniu), dzi\u0119ki czemu nie ma potrzeby dla ka\u017cdej strony, za ka\u017cdym razem, wpisywania nazwy u\u017cytkownika i has\u0142a<\/li>\n<li>u\u0142atwiaj\u0105 korzystanie z serwisu internetowego<\/li>\n<li>dopasowuj\u0105 us\u0142ugi do potrzeb u\u017cytkownik\u00f3w<\/li>\n<li>pami\u0119taj\u0105 ustawienia u\u017cytkownika i indywidualne preferencje<\/li>\n<li>s\u0142u\u017c\u0105 do prowadzenia statystyk ogl\u0105dalno\u015bci poszczeg\u00f3lnych stron<\/li>\n<li>zawieraj\u0105 informacje o historii \u0142\u0105czno\u015bci u\u017cytkownika ze stron\u0105 www<\/li>\n<li>wykorzystywane s\u0105 w celach technicznych, zwi\u0105zanych z administracj\u0105 serwer\u00f3w<\/li>\n<\/ul>\n<p align=\"justify\"><span class=\"black\">Jak zarz\u0105dza\u0107 plikami cookies?<\/span><\/p>\n<p>W dowolnym momencie mo\u017cna zmieni\u0107 ustawienia, usuwa\u0107 i wy\u0142\u0105cza\u0107 pliki cookies. Wystarczy tak ustawi\u0107 przegl\u0105dark\u0119, by nie akceptowa\u0142a plik\u00f3w cookies lub informowa\u0142a o ich przesy\u0142aniu. Warto jednak pami\u0119ta\u0107, \u017ce nieakceptowanie &#8222;ciasteczek&#8221; mo\u017ce spowodowa\u0107 utrudnienia w korzystaniu ze strony www. Standardowo przegl\u0105darki internetowe domy\u015blnie dopuszczaj\u0105 umieszczanie plik\u00f3w cookies. Ustawienia przegl\u0105darki mog\u0105 te\u017c blokowa\u0107 automatyczn\u0105 obs\u0142ug\u0119 plik\u00f3w &#8222;cookies&#8221; lub informowa\u0107 o ich ka\u017cdorazowym przesy\u0142aniu na urz\u0105dzenie u\u017cytkownika. Je\u017celi pozostawi si\u0119 &#8222;ciasteczka&#8221; w\u0142\u0105czone, nale\u017cy pami\u0119ta\u0107 o wylogowaniu si\u0119 po zako\u0144czeniu pracy na komputerze. Warto r\u00f3wnie\u017c pami\u0119ta\u0107, \u017ce efektem zmiany ustawie\u0144 przegl\u0105darki, w zale\u017cno\u015bci od wybranych opcji, mo\u017ce by\u0107 brak mo\u017cliwo\u015bci korzystania z us\u0142ug lub funkcji dost\u0119pnych na stronie www., w szczeg\u00f3lno\u015bci wymagaj\u0105cych logowania.<\/p>\n<p>Szczeg\u00f3\u0142owe informacje, jak to zrobi\u0107, znajduj\u0105 si\u0119 na stronach internetowych tw\u00f3rc\u00f3w przegl\u0105darek:<\/p>\n<ul>\n<li><a href=\"http:\/\/support.microsoft.com\/kb\/196955\" target=\"_blank\" rel=\"noopener noreferrer\">Internet Explorer<\/a><\/li>\n<li><a href=\"http:\/\/support.google.com\/chrome\/bin\/answer.py?hl=pl&amp;answer=114836\" target=\"_blank\" rel=\"noopener noreferrer\">Chrome<\/a><\/li>\n<li><a href=\"http:\/\/support.apple.com\/kb\/PH5042\" target=\"_blank\" rel=\"noopener noreferrer\">Safari<\/a><\/li>\n<li><a href=\"http:\/\/support.mozilla.org\/pl\/products\/firefox\/privacy-and-security\" target=\"_blank\" rel=\"noopener noreferrer\">Firefox<\/a><\/li>\n<li><a href=\"http:\/\/help.opera.com\/Linux\/11.01\/pl\/cookies.html\" target=\"_blank\" rel=\"noopener noreferrer\">Opera<\/a><\/li>\n<\/ul>\n<p><span class=\"black\">Czy u\u017cywane s\u0105 ciasteczka tzw. podmiot\u00f3w trzecich?<\/span><\/p>\n<p>Pliki cookies mog\u0105 by\u0107 wykorzystywane przez tzw. podmioty trzecie, czyli firmy wsp\u00f3\u0142pracuj\u0105ce, reklamodawc\u00f3w, serwisy internetowe, dostawc\u00f3w aplikacji multimedialnych itp. Wi\u0119cej informacji mo\u017cna znale\u017a\u0107 na stronach www tych podmiot\u00f3w.<\/p>\n","protected":false},"excerpt":{"rendered":"<p>Strony internetowe btewa u\u017cywaj\u0105 plik\u00f3w cookies (ciasteczek), dzi\u0119ki kt\u00f3rym mog\u0105 dzia\u0142a\u0107 jeszcze lepiej.\u00a0 Co to jest plik cookie? Pliki cookies popularnie zwane &#8222;ciasteczkami&#8221; s\u0105 niewielkimi, zawieraj\u0105cymi informacje plikami tekstowymi, wysy\u0142anymi przez serwer www i zapisywanymi po stronie u\u017cytkownika na komputerze, laptopie, urz\u0105dzeniu mobilnym lub innym urz\u0105dzeniu podczas przegl\u0105dania stron internetowych.<\/p>\n","protected":false},"author":1,"featured_media":0,"parent":0,"menu_order":0,"comment_status":"closed","ping_status":"closed","template":"","meta":{"_acf_changed":false,"footnotes":""},"class_list":["post-22","page","type-page","status-publish","hentry"],"acf":[],"yoast_head":"<!-- This site is optimized with the Yoast SEO plugin v27.4 - https:\/\/yoast.com\/product\/yoast-seo-wordpress\/ -->\n<title>Polityka prywatno\u015bci &#187; Biuro Podr\u00f3\u017cy EWA \u017bywiec - wczasy za granic\u0105, wakacje, wycieczki, oferty last minute oraz first minute<\/title>\n<meta name=\"description\" content=\"Biuro Podr\u00f3\u017cy EWA \u017bywiec oferuje wczasy zagraniczne oraz wycieczki najwi\u0119kszych biur podr\u00f3\u017cy: TUI, Itaka, Rainbow Tours, Coral Travel. Zarezerwuj z nami swoje wymarzone wakacje.\" \/>\n<meta name=\"robots\" content=\"index, follow, max-snippet:-1, max-image-preview:large, max-video-preview:-1\" \/>\n<link rel=\"canonical\" href=\"https:\/\/www.btewa.com.pl\/?page_id=22\" \/>\n<meta property=\"og:locale\" content=\"pl_PL\" \/>\n<meta property=\"og:type\" content=\"article\" \/>\n<meta property=\"og:title\" content=\"Polityka prywatno\u015bci &#187; Biuro Podr\u00f3\u017cy EWA \u017bywiec - wczasy za granic\u0105, wakacje, wycieczki, oferty last minute oraz first minute\" \/>\n<meta property=\"og:description\" content=\"Biuro Podr\u00f3\u017cy EWA \u017bywiec oferuje wczasy zagraniczne oraz wycieczki najwi\u0119kszych biur podr\u00f3\u017cy: TUI, Itaka, Rainbow Tours, Coral Travel. Zarezerwuj z nami swoje wymarzone wakacje.\" \/>\n<meta property=\"og:url\" content=\"https:\/\/www.btewa.com.pl\/?page_id=22\" \/>\n<meta property=\"og:site_name\" content=\"Biuro Podr\u00f3\u017cy EWA \u017bywiec - wczasy za granic\u0105, wakacje, wycieczki, oferty last minute oraz first minute\" \/>\n<meta property=\"article:publisher\" content=\"http:\/\/www.facebook.com\/btewa\" \/>\n<meta property=\"article:modified_time\" content=\"2017-06-28T09:39:05+00:00\" \/>\n<meta name=\"twitter:card\" content=\"summary_large_image\" \/>\n<meta name=\"twitter:label1\" content=\"Szacowany czas czytania\" \/>\n\t<meta name=\"twitter:data1\" content=\"4 minuty\" \/>\n<script type=\"application\/ld+json\" class=\"yoast-schema-graph\">{\"@context\":\"https:\\\/\\\/schema.org\",\"@graph\":[{\"@type\":\"WebPage\",\"@id\":\"https:\\\/\\\/www.btewa.com.pl\\\/?page_id=22\",\"url\":\"https:\\\/\\\/www.btewa.com.pl\\\/?page_id=22\",\"name\":\"Polityka prywatno\u015bci &#187; Biuro Podr\u00f3\u017cy EWA \u017bywiec - wczasy za granic\u0105, wakacje, wycieczki, oferty last minute oraz first minute\",\"isPartOf\":{\"@id\":\"https:\\\/\\\/www.btewa.com.pl\\\/#website\"},\"datePublished\":\"2017-05-30T08:23:20+00:00\",\"dateModified\":\"2017-06-28T09:39:05+00:00\",\"description\":\"Biuro Podr\u00f3\u017cy EWA \u017bywiec oferuje wczasy zagraniczne oraz wycieczki najwi\u0119kszych biur podr\u00f3\u017cy: TUI, Itaka, Rainbow Tours, Coral Travel. Zarezerwuj z nami swoje wymarzone wakacje.\",\"breadcrumb\":{\"@id\":\"https:\\\/\\\/www.btewa.com.pl\\\/?page_id=22#breadcrumb\"},\"inLanguage\":\"pl-PL\",\"potentialAction\":[{\"@type\":\"ReadAction\",\"target\":[\"https:\\\/\\\/www.btewa.com.pl\\\/?page_id=22\"]}]},{\"@type\":\"BreadcrumbList\",\"@id\":\"https:\\\/\\\/www.btewa.com.pl\\\/?page_id=22#breadcrumb\",\"itemListElement\":[{\"@type\":\"ListItem\",\"position\":1,\"name\":\"Strona g\u0142\u00f3wna\",\"item\":\"https:\\\/\\\/www.btewa.com.pl\\\/\"},{\"@type\":\"ListItem\",\"position\":2,\"name\":\"Polityka prywatno\u015bci\"}]},{\"@type\":\"WebSite\",\"@id\":\"https:\\\/\\\/www.btewa.com.pl\\\/#website\",\"url\":\"https:\\\/\\\/www.btewa.com.pl\\\/\",\"name\":\"Biuro Podr\u00f3\u017cy EWA \u017bywiec - wczasy za granic\u0105, wakacje, wycieczki, oferty last minute oraz first minute\",\"description\":\"Biuro Podr\u00f3\u017cy EWA oferuje wczasy zagraniczne oraz wycieczki najwi\u0119kszych biur podr\u00f3zy: TUI, Itaka, Rainbow Tours, Coral Travel. Zarezerwuj z nami swoje wymarzone wakacje.\",\"publisher\":{\"@id\":\"https:\\\/\\\/www.btewa.com.pl\\\/#organization\"},\"potentialAction\":[{\"@type\":\"SearchAction\",\"target\":{\"@type\":\"EntryPoint\",\"urlTemplate\":\"https:\\\/\\\/www.btewa.com.pl\\\/?s={search_term_string}\"},\"query-input\":{\"@type\":\"PropertyValueSpecification\",\"valueRequired\":true,\"valueName\":\"search_term_string\"}}],\"inLanguage\":\"pl-PL\"},{\"@type\":\"Organization\",\"@id\":\"https:\\\/\\\/www.btewa.com.pl\\\/#organization\",\"name\":\"Biuro Turystyczne EWA\",\"url\":\"https:\\\/\\\/www.btewa.com.pl\\\/\",\"logo\":{\"@type\":\"ImageObject\",\"inLanguage\":\"pl-PL\",\"@id\":\"https:\\\/\\\/www.btewa.com.pl\\\/#\\\/schema\\\/logo\\\/image\\\/\",\"url\":\"https:\\\/\\\/www.btewa.com.pl\\\/wp-content\\\/uploads\\\/2021\\\/04\\\/cropped-icon.jpg\",\"contentUrl\":\"https:\\\/\\\/www.btewa.com.pl\\\/wp-content\\\/uploads\\\/2021\\\/04\\\/cropped-icon.jpg\",\"width\":512,\"height\":512,\"caption\":\"Biuro Turystyczne EWA\"},\"image\":{\"@id\":\"https:\\\/\\\/www.btewa.com.pl\\\/#\\\/schema\\\/logo\\\/image\\\/\"},\"sameAs\":[\"http:\\\/\\\/www.facebook.com\\\/btewa\"]}]}<\/script>\n<!-- \/ Yoast SEO plugin. -->","yoast_head_json":{"title":"Polityka prywatno\u015bci &#187; Biuro Podr\u00f3\u017cy EWA \u017bywiec - wczasy za granic\u0105, wakacje, wycieczki, oferty last minute oraz first minute","description":"Biuro Podr\u00f3\u017cy EWA \u017bywiec oferuje wczasy zagraniczne oraz wycieczki najwi\u0119kszych biur podr\u00f3\u017cy: TUI, Itaka, Rainbow Tours, Coral Travel. Zarezerwuj z nami swoje wymarzone wakacje.","robots":{"index":"index","follow":"follow","max-snippet":"max-snippet:-1","max-image-preview":"max-image-preview:large","max-video-preview":"max-video-preview:-1"},"canonical":"https:\/\/www.btewa.com.pl\/?page_id=22","og_locale":"pl_PL","og_type":"article","og_title":"Polityka prywatno\u015bci &#187; Biuro Podr\u00f3\u017cy EWA \u017bywiec - wczasy za granic\u0105, wakacje, wycieczki, oferty last minute oraz first minute","og_description":"Biuro Podr\u00f3\u017cy EWA \u017bywiec oferuje wczasy zagraniczne oraz wycieczki najwi\u0119kszych biur podr\u00f3\u017cy: TUI, Itaka, Rainbow Tours, Coral Travel. Zarezerwuj z nami swoje wymarzone wakacje.","og_url":"https:\/\/www.btewa.com.pl\/?page_id=22","og_site_name":"Biuro Podr\u00f3\u017cy EWA \u017bywiec - wczasy za granic\u0105, wakacje, wycieczki, oferty last minute oraz first minute","article_publisher":"http:\/\/www.facebook.com\/btewa","article_modified_time":"2017-06-28T09:39:05+00:00","twitter_card":"summary_large_image","twitter_misc":{"Szacowany czas czytania":"4 minuty"},"schema":{"@context":"https:\/\/schema.org","@graph":[{"@type":"WebPage","@id":"https:\/\/www.btewa.com.pl\/?page_id=22","url":"https:\/\/www.btewa.com.pl\/?page_id=22","name":"Polityka prywatno\u015bci &#187; Biuro Podr\u00f3\u017cy EWA \u017bywiec - wczasy za granic\u0105, wakacje, wycieczki, oferty last minute oraz first minute","isPartOf":{"@id":"https:\/\/www.btewa.com.pl\/#website"},"datePublished":"2017-05-30T08:23:20+00:00","dateModified":"2017-06-28T09:39:05+00:00","description":"Biuro Podr\u00f3\u017cy EWA \u017bywiec oferuje wczasy zagraniczne oraz wycieczki najwi\u0119kszych biur podr\u00f3\u017cy: TUI, Itaka, Rainbow Tours, Coral Travel. Zarezerwuj z nami swoje wymarzone wakacje.","breadcrumb":{"@id":"https:\/\/www.btewa.com.pl\/?page_id=22#breadcrumb"},"inLanguage":"pl-PL","potentialAction":[{"@type":"ReadAction","target":["https:\/\/www.btewa.com.pl\/?page_id=22"]}]},{"@type":"BreadcrumbList","@id":"https:\/\/www.btewa.com.pl\/?page_id=22#breadcrumb","itemListElement":[{"@type":"ListItem","position":1,"name":"Strona g\u0142\u00f3wna","item":"https:\/\/www.btewa.com.pl\/"},{"@type":"ListItem","position":2,"name":"Polityka prywatno\u015bci"}]},{"@type":"WebSite","@id":"https:\/\/www.btewa.com.pl\/#website","url":"https:\/\/www.btewa.com.pl\/","name":"Biuro Podr\u00f3\u017cy EWA \u017bywiec - wczasy za granic\u0105, wakacje, wycieczki, oferty last minute oraz first minute","description":"Biuro Podr\u00f3\u017cy EWA oferuje wczasy zagraniczne oraz wycieczki najwi\u0119kszych biur podr\u00f3zy: TUI, Itaka, Rainbow Tours, Coral Travel. Zarezerwuj z nami swoje wymarzone wakacje.","publisher":{"@id":"https:\/\/www.btewa.com.pl\/#organization"},"potentialAction":[{"@type":"SearchAction","target":{"@type":"EntryPoint","urlTemplate":"https:\/\/www.btewa.com.pl\/?s={search_term_string}"},"query-input":{"@type":"PropertyValueSpecification","valueRequired":true,"valueName":"search_term_string"}}],"inLanguage":"pl-PL"},{"@type":"Organization","@id":"https:\/\/www.btewa.com.pl\/#organization","name":"Biuro Turystyczne EWA","url":"https:\/\/www.btewa.com.pl\/","logo":{"@type":"ImageObject","inLanguage":"pl-PL","@id":"https:\/\/www.btewa.com.pl\/#\/schema\/logo\/image\/","url":"https:\/\/www.btewa.com.pl\/wp-content\/uploads\/2021\/04\/cropped-icon.jpg","contentUrl":"https:\/\/www.btewa.com.pl\/wp-content\/uploads\/2021\/04\/cropped-icon.jpg","width":512,"height":512,"caption":"Biuro Turystyczne EWA"},"image":{"@id":"https:\/\/www.btewa.com.pl\/#\/schema\/logo\/image\/"},"sameAs":["http:\/\/www.facebook.com\/btewa"]}]}},"_links":{"self":[{"href":"https:\/\/www.btewa.com.pl\/index.php?rest_route=\/wp\/v2\/pages\/22","targetHints":{"allow":["GET"]}}],"collection":[{"href":"https:\/\/www.btewa.com.pl\/index.php?rest_route=\/wp\/v2\/pages"}],"about":[{"href":"https:\/\/www.btewa.com.pl\/index.php?rest_route=\/wp\/v2\/types\/page"}],"author":[{"embeddable":true,"href":"https:\/\/www.btewa.com.pl\/index.php?rest_route=\/wp\/v2\/users\/1"}],"replies":[{"embeddable":true,"href":"https:\/\/www.btewa.com.pl\/index.php?rest_route=%2Fwp%2Fv2%2Fcomments&post=22"}],"version-history":[{"count":2,"href":"https:\/\/www.btewa.com.pl\/index.php?rest_route=\/wp\/v2\/pages\/22\/revisions"}],"predecessor-version":[{"id":59,"href":"https:\/\/www.btewa.com.pl\/index.php?rest_route=\/wp\/v2\/pages\/22\/revisions\/59"}],"wp:attachment":[{"href":"https:\/\/www.btewa.com.pl\/index.php?rest_route=%2Fwp%2Fv2%2Fmedia&parent=22"}],"curies":[{"name":"wp","href":"https:\/\/api.w.org\/{rel}","templated":true}]}}