{"id":24,"date":"2017-05-30T10:23:26","date_gmt":"2017-05-30T08:23:26","guid":{"rendered":"http:\/\/btewa.com.pl\/?page_id=24"},"modified":"2017-12-21T14:12:02","modified_gmt":"2017-12-21T13:12:02","slug":"kontakt","status":"publish","type":"page","link":"https:\/\/www.btewa.com.pl\/?page_id=24","title":{"rendered":"Kontakt"},"content":{"rendered":"\n<div class=\"wpcf7 no-js\" id=\"wpcf7-f42-o1\" lang=\"pl-PL\" dir=\"ltr\" data-wpcf7-id=\"42\">\n<div class=\"screen-reader-response\"><p role=\"status\" aria-live=\"polite\" aria-atomic=\"true\"><\/p> <ul><\/ul><\/div>\n<form action=\"\/index.php?rest_route=%2Fwp%2Fv2%2Fpages%2F24#wpcf7-f42-o1\" method=\"post\" class=\"wpcf7-form init\" aria-label=\"Formularz kontaktowy\" novalidate=\"novalidate\" data-status=\"init\">\n<fieldset class=\"hidden-fields-container\"><input type=\"hidden\" name=\"_wpcf7\" value=\"42\" \/><input type=\"hidden\" name=\"_wpcf7_version\" value=\"6.1.5\" \/><input type=\"hidden\" name=\"_wpcf7_locale\" value=\"pl_PL\" \/><input type=\"hidden\" name=\"_wpcf7_unit_tag\" value=\"wpcf7-f42-o1\" \/><input type=\"hidden\" name=\"_wpcf7_container_post\" value=\"0\" \/><input type=\"hidden\" name=\"_wpcf7_posted_data_hash\" value=\"\" \/><input type=\"hidden\" name=\"_wpcf7_recaptcha_response\" value=\"\" \/>\n<\/fieldset>\n<div class=\"row\">\n\t<h3>Znajdziemy co\u015b dla Ciebie\u2026 Zapytaj\n\t<\/h3>\n\t<div class=\"col-sm-10 col-sm-offset-1\">\n\t\t<p><span class=\"wpcf7-form-control-wrap\" data-name=\"imie_nazwisko\"><input size=\"40\" maxlength=\"400\" class=\"wpcf7-form-control wpcf7-text wpcf7-validates-as-required\" aria-required=\"true\" aria-invalid=\"false\" placeholder=\"Imi\u0119 i nazwisko\" value=\"\" type=\"text\" name=\"imie_nazwisko\" \/><\/span>\n\t\t<\/p>\n\t<\/div>\n\t<div class=\"col-sm-10 col-sm-offset-1\">\n\t\t<p><span class=\"wpcf7-form-control-wrap\" data-name=\"email\"><input size=\"40\" maxlength=\"400\" class=\"wpcf7-form-control wpcf7-email wpcf7-validates-as-required wpcf7-text wpcf7-validates-as-email\" aria-required=\"true\" aria-invalid=\"false\" placeholder=\"Adres email\" value=\"\" type=\"email\" name=\"email\" \/><\/span>\n\t\t<\/p>\n\t<\/div>\n\t<div class=\"col-sm-10 col-sm-offset-1\">\n\t\t<p><span class=\"wpcf7-form-control-wrap\" data-name=\"phone\"><input size=\"40\" maxlength=\"400\" class=\"wpcf7-form-control wpcf7-text wpcf7-validates-as-required\" aria-required=\"true\" aria-invalid=\"false\" placeholder=\"Telefon\" value=\"\" type=\"text\" name=\"phone\" \/><\/span>\n\t\t<\/p>\n\t<\/div>\n\t<div class=\"col-sm-10 col-sm-offset-1\">\n\t\t<p><span class=\"wpcf7-form-control-wrap\" data-name=\"message\"><textarea cols=\"40\" rows=\"10\" maxlength=\"2000\" class=\"wpcf7-form-control wpcf7-textarea\" aria-invalid=\"false\" placeholder=\"Tre\u015b\u0107 wiadomo\u015bci\" name=\"message\"><\/textarea><\/span>\n\t\t<\/p>\n\t<\/div>\n\t<div class=\"col-sm-10 col-sm-offset-1\">\n\t\t<p><input class=\"wpcf7-form-control wpcf7-submit has-spinner\" type=\"submit\" value=\"Wy\u015blij\" \/>\n\t\t<\/p>\n\t<\/div>\n\t<div class=\"col-sm-10 col-sm-offset-1\";  align=\"justify\">\n\t\t<p>Administratorem danych jest Biuro Turystyczne EWA - Ewa Sanetra. Kontakt do administratora Biuro Turystyczne EWA - Ewa Sanetra, 34-300 \u017bywiec, ul. Rynek 22, tel. 33 861 90 25\n\t\t<\/p>\n\t\t<p>Pani\/Pana dane osobowe przetwarzane b\u0119d\u0105 w celu odpowiedzi na przes\u0142an\u0105 wiadomo\u015b\u0107. Konsekwencj\u0105 nie podania adresu e-mail lub telefonu jest niemo\u017cliwo\u015b\u0107 udzielenia odpowiedzi. Pani\/Pana dane osobowe b\u0119d\u0105 przechowywane do czasu i w zakresie koniecznym do prowadzenia korespondencji. Posiada Pani\/Pan prawo dost\u0119pu do tre\u015bci swoich danych oraz prawo ich sprostowania, usuni\u0119cia, ograniczenia przetwarzania, prawo wniesienia sprzeciwu. Ma Pan\/Pani prawo wniesienia skargi do Prezesa Urz\u0119du Ochrony Danych Osobowych. Dane mog\u0105 by\u0107 udost\u0119pniane podmiotom przetwarzaj\u0105cym na podstawie zawartych um\u00f3w powierzenia przetwarzania danych.\n\t\t<\/p>\n\t<\/div>\n<\/div>\n<div class=\"clearfix\">\n<\/div><div class=\"wpcf7-response-output\" aria-hidden=\"true\"><\/div>\n<\/form>\n<\/div>\n\n","protected":false},"excerpt":{"rendered":"","protected":false},"author":1,"featured_media":0,"parent":0,"menu_order":0,"comment_status":"closed","ping_status":"closed","template":"page-kontakt.php","meta":{"_acf_changed":false,"footnotes":""},"class_list":["post-24","page","type-page","status-publish","hentry"],"acf":[],"yoast_head":"<!-- This site is optimized with the Yoast SEO plugin v27.5 - https:\/\/yoast.com\/product\/yoast-seo-wordpress\/ -->\n<title>Kontakt &#187; Biuro Podr\u00f3\u017cy EWA \u017bywiec - wczasy za granic\u0105, wakacje, wycieczki, oferty last minute oraz first minute<\/title>\n<meta name=\"description\" content=\"Biuro Podr\u00f3\u017cy EWA \u017bywiec oferuje wczasy zagraniczne oraz wycieczki najwi\u0119kszych biur podr\u00f3\u017cy: TUI, Itaka, Rainbow Tours, Coral Travel. Zarezerwuj z nami swoje wymarzone wakacje.\" \/>\n<meta name=\"robots\" content=\"index, follow, max-snippet:-1, max-image-preview:large, max-video-preview:-1\" \/>\n<link rel=\"canonical\" href=\"https:\/\/www.btewa.com.pl\/?page_id=24\" \/>\n<meta property=\"og:locale\" content=\"pl_PL\" \/>\n<meta property=\"og:type\" content=\"article\" \/>\n<meta property=\"og:title\" content=\"Kontakt &#187; Biuro Podr\u00f3\u017cy EWA \u017bywiec - wczasy za granic\u0105, wakacje, wycieczki, oferty last minute oraz first minute\" \/>\n<meta property=\"og:description\" content=\"Biuro Podr\u00f3\u017cy EWA \u017bywiec oferuje wczasy zagraniczne oraz wycieczki najwi\u0119kszych biur podr\u00f3\u017cy: TUI, Itaka, Rainbow Tours, Coral Travel. Zarezerwuj z nami swoje wymarzone wakacje.\" \/>\n<meta property=\"og:url\" content=\"https:\/\/www.btewa.com.pl\/?page_id=24\" \/>\n<meta property=\"og:site_name\" content=\"Biuro Podr\u00f3\u017cy EWA \u017bywiec - wczasy za granic\u0105, wakacje, wycieczki, oferty last minute oraz first minute\" \/>\n<meta property=\"article:publisher\" content=\"http:\/\/www.facebook.com\/btewa\" \/>\n<meta property=\"article:modified_time\" content=\"2017-12-21T13:12:02+00:00\" \/>\n<meta name=\"twitter:card\" content=\"summary_large_image\" \/>\n<script type=\"application\/ld+json\" class=\"yoast-schema-graph\">{\"@context\":\"https:\\\/\\\/schema.org\",\"@graph\":[{\"@type\":\"WebPage\",\"@id\":\"https:\\\/\\\/www.btewa.com.pl\\\/?page_id=24\",\"url\":\"https:\\\/\\\/www.btewa.com.pl\\\/?page_id=24\",\"name\":\"Kontakt &#187; Biuro Podr\u00f3\u017cy EWA \u017bywiec - wczasy za granic\u0105, wakacje, wycieczki, oferty last minute oraz first minute\",\"isPartOf\":{\"@id\":\"https:\\\/\\\/www.btewa.com.pl\\\/#website\"},\"datePublished\":\"2017-05-30T08:23:26+00:00\",\"dateModified\":\"2017-12-21T13:12:02+00:00\",\"description\":\"Biuro Podr\u00f3\u017cy EWA \u017bywiec oferuje wczasy zagraniczne oraz wycieczki najwi\u0119kszych biur podr\u00f3\u017cy: TUI, Itaka, Rainbow Tours, Coral Travel. Zarezerwuj z nami swoje wymarzone wakacje.\",\"breadcrumb\":{\"@id\":\"https:\\\/\\\/www.btewa.com.pl\\\/?page_id=24#breadcrumb\"},\"inLanguage\":\"pl-PL\",\"potentialAction\":[{\"@type\":\"ReadAction\",\"target\":[\"https:\\\/\\\/www.btewa.com.pl\\\/?page_id=24\"]}]},{\"@type\":\"BreadcrumbList\",\"@id\":\"https:\\\/\\\/www.btewa.com.pl\\\/?page_id=24#breadcrumb\",\"itemListElement\":[{\"@type\":\"ListItem\",\"position\":1,\"name\":\"Strona g\u0142\u00f3wna\",\"item\":\"https:\\\/\\\/www.btewa.com.pl\\\/\"},{\"@type\":\"ListItem\",\"position\":2,\"name\":\"Kontakt\"}]},{\"@type\":\"WebSite\",\"@id\":\"https:\\\/\\\/www.btewa.com.pl\\\/#website\",\"url\":\"https:\\\/\\\/www.btewa.com.pl\\\/\",\"name\":\"Biuro Podr\u00f3\u017cy EWA \u017bywiec - wczasy za granic\u0105, wakacje, wycieczki, oferty last minute oraz first minute\",\"description\":\"Biuro Podr\u00f3\u017cy EWA oferuje wczasy zagraniczne oraz wycieczki najwi\u0119kszych biur podr\u00f3zy: TUI, Itaka, Rainbow Tours, Coral Travel. Zarezerwuj z nami swoje wymarzone wakacje.\",\"publisher\":{\"@id\":\"https:\\\/\\\/www.btewa.com.pl\\\/#organization\"},\"potentialAction\":[{\"@type\":\"SearchAction\",\"target\":{\"@type\":\"EntryPoint\",\"urlTemplate\":\"https:\\\/\\\/www.btewa.com.pl\\\/?s={search_term_string}\"},\"query-input\":{\"@type\":\"PropertyValueSpecification\",\"valueRequired\":true,\"valueName\":\"search_term_string\"}}],\"inLanguage\":\"pl-PL\"},{\"@type\":\"Organization\",\"@id\":\"https:\\\/\\\/www.btewa.com.pl\\\/#organization\",\"name\":\"Biuro Turystyczne EWA\",\"url\":\"https:\\\/\\\/www.btewa.com.pl\\\/\",\"logo\":{\"@type\":\"ImageObject\",\"inLanguage\":\"pl-PL\",\"@id\":\"https:\\\/\\\/www.btewa.com.pl\\\/#\\\/schema\\\/logo\\\/image\\\/\",\"url\":\"https:\\\/\\\/www.btewa.com.pl\\\/wp-content\\\/uploads\\\/2021\\\/04\\\/cropped-icon.jpg\",\"contentUrl\":\"https:\\\/\\\/www.btewa.com.pl\\\/wp-content\\\/uploads\\\/2021\\\/04\\\/cropped-icon.jpg\",\"width\":512,\"height\":512,\"caption\":\"Biuro Turystyczne EWA\"},\"image\":{\"@id\":\"https:\\\/\\\/www.btewa.com.pl\\\/#\\\/schema\\\/logo\\\/image\\\/\"},\"sameAs\":[\"http:\\\/\\\/www.facebook.com\\\/btewa\"]}]}<\/script>\n<!-- \/ Yoast SEO plugin. -->","yoast_head_json":{"title":"Kontakt &#187; Biuro Podr\u00f3\u017cy EWA \u017bywiec - wczasy za granic\u0105, wakacje, wycieczki, oferty last minute oraz first minute","description":"Biuro Podr\u00f3\u017cy EWA \u017bywiec oferuje wczasy zagraniczne oraz wycieczki najwi\u0119kszych biur podr\u00f3\u017cy: TUI, Itaka, Rainbow Tours, Coral Travel. Zarezerwuj z nami swoje wymarzone wakacje.","robots":{"index":"index","follow":"follow","max-snippet":"max-snippet:-1","max-image-preview":"max-image-preview:large","max-video-preview":"max-video-preview:-1"},"canonical":"https:\/\/www.btewa.com.pl\/?page_id=24","og_locale":"pl_PL","og_type":"article","og_title":"Kontakt &#187; Biuro Podr\u00f3\u017cy EWA \u017bywiec - wczasy za granic\u0105, wakacje, wycieczki, oferty last minute oraz first minute","og_description":"Biuro Podr\u00f3\u017cy EWA \u017bywiec oferuje wczasy zagraniczne oraz wycieczki najwi\u0119kszych biur podr\u00f3\u017cy: TUI, Itaka, Rainbow Tours, Coral Travel. Zarezerwuj z nami swoje wymarzone wakacje.","og_url":"https:\/\/www.btewa.com.pl\/?page_id=24","og_site_name":"Biuro Podr\u00f3\u017cy EWA \u017bywiec - wczasy za granic\u0105, wakacje, wycieczki, oferty last minute oraz first minute","article_publisher":"http:\/\/www.facebook.com\/btewa","article_modified_time":"2017-12-21T13:12:02+00:00","twitter_card":"summary_large_image","schema":{"@context":"https:\/\/schema.org","@graph":[{"@type":"WebPage","@id":"https:\/\/www.btewa.com.pl\/?page_id=24","url":"https:\/\/www.btewa.com.pl\/?page_id=24","name":"Kontakt &#187; Biuro Podr\u00f3\u017cy EWA \u017bywiec - wczasy za granic\u0105, wakacje, wycieczki, oferty last minute oraz first minute","isPartOf":{"@id":"https:\/\/www.btewa.com.pl\/#website"},"datePublished":"2017-05-30T08:23:26+00:00","dateModified":"2017-12-21T13:12:02+00:00","description":"Biuro Podr\u00f3\u017cy EWA \u017bywiec oferuje wczasy zagraniczne oraz wycieczki najwi\u0119kszych biur podr\u00f3\u017cy: TUI, Itaka, Rainbow Tours, Coral Travel. Zarezerwuj z nami swoje wymarzone wakacje.","breadcrumb":{"@id":"https:\/\/www.btewa.com.pl\/?page_id=24#breadcrumb"},"inLanguage":"pl-PL","potentialAction":[{"@type":"ReadAction","target":["https:\/\/www.btewa.com.pl\/?page_id=24"]}]},{"@type":"BreadcrumbList","@id":"https:\/\/www.btewa.com.pl\/?page_id=24#breadcrumb","itemListElement":[{"@type":"ListItem","position":1,"name":"Strona g\u0142\u00f3wna","item":"https:\/\/www.btewa.com.pl\/"},{"@type":"ListItem","position":2,"name":"Kontakt"}]},{"@type":"WebSite","@id":"https:\/\/www.btewa.com.pl\/#website","url":"https:\/\/www.btewa.com.pl\/","name":"Biuro Podr\u00f3\u017cy EWA \u017bywiec - wczasy za granic\u0105, wakacje, wycieczki, oferty last minute oraz first minute","description":"Biuro Podr\u00f3\u017cy EWA oferuje wczasy zagraniczne oraz wycieczki najwi\u0119kszych biur podr\u00f3zy: TUI, Itaka, Rainbow Tours, Coral Travel. Zarezerwuj z nami swoje wymarzone wakacje.","publisher":{"@id":"https:\/\/www.btewa.com.pl\/#organization"},"potentialAction":[{"@type":"SearchAction","target":{"@type":"EntryPoint","urlTemplate":"https:\/\/www.btewa.com.pl\/?s={search_term_string}"},"query-input":{"@type":"PropertyValueSpecification","valueRequired":true,"valueName":"search_term_string"}}],"inLanguage":"pl-PL"},{"@type":"Organization","@id":"https:\/\/www.btewa.com.pl\/#organization","name":"Biuro Turystyczne EWA","url":"https:\/\/www.btewa.com.pl\/","logo":{"@type":"ImageObject","inLanguage":"pl-PL","@id":"https:\/\/www.btewa.com.pl\/#\/schema\/logo\/image\/","url":"https:\/\/www.btewa.com.pl\/wp-content\/uploads\/2021\/04\/cropped-icon.jpg","contentUrl":"https:\/\/www.btewa.com.pl\/wp-content\/uploads\/2021\/04\/cropped-icon.jpg","width":512,"height":512,"caption":"Biuro Turystyczne EWA"},"image":{"@id":"https:\/\/www.btewa.com.pl\/#\/schema\/logo\/image\/"},"sameAs":["http:\/\/www.facebook.com\/btewa"]}]}},"_links":{"self":[{"href":"https:\/\/www.btewa.com.pl\/index.php?rest_route=\/wp\/v2\/pages\/24","targetHints":{"allow":["GET"]}}],"collection":[{"href":"https:\/\/www.btewa.com.pl\/index.php?rest_route=\/wp\/v2\/pages"}],"about":[{"href":"https:\/\/www.btewa.com.pl\/index.php?rest_route=\/wp\/v2\/types\/page"}],"author":[{"embeddable":true,"href":"https:\/\/www.btewa.com.pl\/index.php?rest_route=\/wp\/v2\/users\/1"}],"replies":[{"embeddable":true,"href":"https:\/\/www.btewa.com.pl\/index.php?rest_route=%2Fwp%2Fv2%2Fcomments&post=24"}],"version-history":[{"count":7,"href":"https:\/\/www.btewa.com.pl\/index.php?rest_route=\/wp\/v2\/pages\/24\/revisions"}],"predecessor-version":[{"id":93,"href":"https:\/\/www.btewa.com.pl\/index.php?rest_route=\/wp\/v2\/pages\/24\/revisions\/93"}],"wp:attachment":[{"href":"https:\/\/www.btewa.com.pl\/index.php?rest_route=%2Fwp%2Fv2%2Fmedia&parent=24"}],"curies":[{"name":"wp","href":"https:\/\/api.w.org\/{rel}","templated":true}]}}