{"id":51,"date":"2017-06-07T08:45:11","date_gmt":"2017-06-07T06:45:11","guid":{"rendered":"http:\/\/btewa.com.pl\/?page_id=51"},"modified":"2025-12-14T12:18:11","modified_gmt":"2025-12-14T11:18:11","slug":"oferta","status":"publish","type":"page","link":"https:\/\/www.btewa.com.pl\/?page_id=51","title":{"rendered":"Oferta"},"content":{"rendered":"<p>Oferujemy:<\/p>\n<ul>\n<li>wczasy<\/li>\n<li>wycieczki objazdowe<\/li>\n<li>rejsy<\/li>\n<li>kolonie i obozy dla dzieci i m\u0142odzie\u017cy<\/li>\n<li>bilety lotnicze, promowe, autokarowe<\/li>\n<li>rezerwacje hoteli\/nocleg\u00f3w<\/li>\n<li>wynajem samochod\u00f3w<\/li>\n<li>vouchery turystyczne<\/li>\n<li>szkolenia, konferencje i wyjazdy studyjne<\/li>\n<li>wyjazdy grupowe dla firm, instytucji i organizacji<\/li>\n<li>wycieczki szkolne<\/li>\n<li>ubezpieczenia<\/li>\n<\/ul>\n","protected":false},"excerpt":{"rendered":"<p>Oferujemy: wczasy wycieczki objazdowe rejsy kolonie i obozy dla dzieci i m\u0142odzie\u017cy bilety lotnicze, promowe, autokarowe rezerwacje hoteli\/nocleg\u00f3w wynajem samochod\u00f3w vouchery turystyczne szkolenia, konferencje i wyjazdy studyjne wyjazdy grupowe dla firm, instytucji i organizacji wycieczki szkolne ubezpieczenia<\/p>\n","protected":false},"author":1,"featured_media":0,"parent":0,"menu_order":0,"comment_status":"closed","ping_status":"closed","template":"","meta":{"_acf_changed":false,"footnotes":""},"class_list":["post-51","page","type-page","status-publish","hentry"],"acf":[],"yoast_head":"<!-- This site is optimized with the Yoast SEO plugin v27.3 - https:\/\/yoast.com\/product\/yoast-seo-wordpress\/ -->\n<title>Oferta &#187; Biuro Podr\u00f3\u017cy EWA \u017bywiec - wczasy za granic\u0105, wakacje, wycieczki, oferty last minute oraz first minute<\/title>\n<meta name=\"description\" content=\"Biuro Podr\u00f3\u017cy EWA \u017bywiec oferuje wczasy zagraniczne oraz wycieczki najwi\u0119kszych biur podr\u00f3\u017cy: TUI, Itaka, Rainbow Tours, Coral Travel. Zarezerwuj z nami swoje wymarzone wakacje.\" \/>\n<meta name=\"robots\" content=\"index, follow, max-snippet:-1, max-image-preview:large, max-video-preview:-1\" \/>\n<link rel=\"canonical\" href=\"https:\/\/www.btewa.com.pl\/?page_id=51\" \/>\n<meta property=\"og:locale\" content=\"pl_PL\" \/>\n<meta property=\"og:type\" content=\"article\" \/>\n<meta property=\"og:title\" content=\"Oferta &#187; Biuro Podr\u00f3\u017cy EWA \u017bywiec - wczasy za granic\u0105, wakacje, wycieczki, oferty last minute oraz first minute\" \/>\n<meta property=\"og:description\" content=\"Biuro Podr\u00f3\u017cy EWA \u017bywiec oferuje wczasy zagraniczne oraz wycieczki najwi\u0119kszych biur podr\u00f3\u017cy: TUI, Itaka, Rainbow Tours, Coral Travel. Zarezerwuj z nami swoje wymarzone wakacje.\" \/>\n<meta property=\"og:url\" content=\"https:\/\/www.btewa.com.pl\/?page_id=51\" \/>\n<meta property=\"og:site_name\" content=\"Biuro Podr\u00f3\u017cy EWA \u017bywiec - wczasy za granic\u0105, wakacje, wycieczki, oferty last minute oraz first minute\" \/>\n<meta property=\"article:publisher\" content=\"http:\/\/www.facebook.com\/btewa\" \/>\n<meta property=\"article:modified_time\" content=\"2025-12-14T11:18:11+00:00\" \/>\n<meta name=\"twitter:card\" content=\"summary_large_image\" \/>\n<meta name=\"twitter:label1\" content=\"Szacowany czas czytania\" \/>\n\t<meta name=\"twitter:data1\" content=\"1 minuta\" \/>\n<script type=\"application\/ld+json\" class=\"yoast-schema-graph\">{\"@context\":\"https:\\\/\\\/schema.org\",\"@graph\":[{\"@type\":\"WebPage\",\"@id\":\"https:\\\/\\\/www.btewa.com.pl\\\/?page_id=51\",\"url\":\"https:\\\/\\\/www.btewa.com.pl\\\/?page_id=51\",\"name\":\"Oferta &#187; Biuro Podr\u00f3\u017cy EWA \u017bywiec - wczasy za granic\u0105, wakacje, wycieczki, oferty last minute oraz first minute\",\"isPartOf\":{\"@id\":\"https:\\\/\\\/www.btewa.com.pl\\\/#website\"},\"datePublished\":\"2017-06-07T06:45:11+00:00\",\"dateModified\":\"2025-12-14T11:18:11+00:00\",\"description\":\"Biuro Podr\u00f3\u017cy EWA \u017bywiec oferuje wczasy zagraniczne oraz wycieczki najwi\u0119kszych biur podr\u00f3\u017cy: TUI, Itaka, Rainbow Tours, Coral Travel. Zarezerwuj z nami swoje wymarzone wakacje.\",\"breadcrumb\":{\"@id\":\"https:\\\/\\\/www.btewa.com.pl\\\/?page_id=51#breadcrumb\"},\"inLanguage\":\"pl-PL\",\"potentialAction\":[{\"@type\":\"ReadAction\",\"target\":[\"https:\\\/\\\/www.btewa.com.pl\\\/?page_id=51\"]}]},{\"@type\":\"BreadcrumbList\",\"@id\":\"https:\\\/\\\/www.btewa.com.pl\\\/?page_id=51#breadcrumb\",\"itemListElement\":[{\"@type\":\"ListItem\",\"position\":1,\"name\":\"Strona g\u0142\u00f3wna\",\"item\":\"https:\\\/\\\/www.btewa.com.pl\\\/\"},{\"@type\":\"ListItem\",\"position\":2,\"name\":\"Oferta\"}]},{\"@type\":\"WebSite\",\"@id\":\"https:\\\/\\\/www.btewa.com.pl\\\/#website\",\"url\":\"https:\\\/\\\/www.btewa.com.pl\\\/\",\"name\":\"Biuro Podr\u00f3\u017cy EWA \u017bywiec - wczasy za granic\u0105, wakacje, wycieczki, oferty last minute oraz first minute\",\"description\":\"Biuro Podr\u00f3\u017cy EWA oferuje wczasy zagraniczne oraz wycieczki najwi\u0119kszych biur podr\u00f3zy: TUI, Itaka, Rainbow Tours, Coral Travel. Zarezerwuj z nami swoje wymarzone wakacje.\",\"publisher\":{\"@id\":\"https:\\\/\\\/www.btewa.com.pl\\\/#organization\"},\"potentialAction\":[{\"@type\":\"SearchAction\",\"target\":{\"@type\":\"EntryPoint\",\"urlTemplate\":\"https:\\\/\\\/www.btewa.com.pl\\\/?s={search_term_string}\"},\"query-input\":{\"@type\":\"PropertyValueSpecification\",\"valueRequired\":true,\"valueName\":\"search_term_string\"}}],\"inLanguage\":\"pl-PL\"},{\"@type\":\"Organization\",\"@id\":\"https:\\\/\\\/www.btewa.com.pl\\\/#organization\",\"name\":\"Biuro Turystyczne EWA\",\"url\":\"https:\\\/\\\/www.btewa.com.pl\\\/\",\"logo\":{\"@type\":\"ImageObject\",\"inLanguage\":\"pl-PL\",\"@id\":\"https:\\\/\\\/www.btewa.com.pl\\\/#\\\/schema\\\/logo\\\/image\\\/\",\"url\":\"https:\\\/\\\/www.btewa.com.pl\\\/wp-content\\\/uploads\\\/2021\\\/04\\\/cropped-icon.jpg\",\"contentUrl\":\"https:\\\/\\\/www.btewa.com.pl\\\/wp-content\\\/uploads\\\/2021\\\/04\\\/cropped-icon.jpg\",\"width\":512,\"height\":512,\"caption\":\"Biuro Turystyczne EWA\"},\"image\":{\"@id\":\"https:\\\/\\\/www.btewa.com.pl\\\/#\\\/schema\\\/logo\\\/image\\\/\"},\"sameAs\":[\"http:\\\/\\\/www.facebook.com\\\/btewa\"]}]}<\/script>\n<!-- \/ Yoast SEO plugin. -->","yoast_head_json":{"title":"Oferta &#187; Biuro Podr\u00f3\u017cy EWA \u017bywiec - wczasy za granic\u0105, wakacje, wycieczki, oferty last minute oraz first minute","description":"Biuro Podr\u00f3\u017cy EWA \u017bywiec oferuje wczasy zagraniczne oraz wycieczki najwi\u0119kszych biur podr\u00f3\u017cy: TUI, Itaka, Rainbow Tours, Coral Travel. Zarezerwuj z nami swoje wymarzone wakacje.","robots":{"index":"index","follow":"follow","max-snippet":"max-snippet:-1","max-image-preview":"max-image-preview:large","max-video-preview":"max-video-preview:-1"},"canonical":"https:\/\/www.btewa.com.pl\/?page_id=51","og_locale":"pl_PL","og_type":"article","og_title":"Oferta &#187; Biuro Podr\u00f3\u017cy EWA \u017bywiec - wczasy za granic\u0105, wakacje, wycieczki, oferty last minute oraz first minute","og_description":"Biuro Podr\u00f3\u017cy EWA \u017bywiec oferuje wczasy zagraniczne oraz wycieczki najwi\u0119kszych biur podr\u00f3\u017cy: TUI, Itaka, Rainbow Tours, Coral Travel. Zarezerwuj z nami swoje wymarzone wakacje.","og_url":"https:\/\/www.btewa.com.pl\/?page_id=51","og_site_name":"Biuro Podr\u00f3\u017cy EWA \u017bywiec - wczasy za granic\u0105, wakacje, wycieczki, oferty last minute oraz first minute","article_publisher":"http:\/\/www.facebook.com\/btewa","article_modified_time":"2025-12-14T11:18:11+00:00","twitter_card":"summary_large_image","twitter_misc":{"Szacowany czas czytania":"1 minuta"},"schema":{"@context":"https:\/\/schema.org","@graph":[{"@type":"WebPage","@id":"https:\/\/www.btewa.com.pl\/?page_id=51","url":"https:\/\/www.btewa.com.pl\/?page_id=51","name":"Oferta &#187; Biuro Podr\u00f3\u017cy EWA \u017bywiec - wczasy za granic\u0105, wakacje, wycieczki, oferty last minute oraz first minute","isPartOf":{"@id":"https:\/\/www.btewa.com.pl\/#website"},"datePublished":"2017-06-07T06:45:11+00:00","dateModified":"2025-12-14T11:18:11+00:00","description":"Biuro Podr\u00f3\u017cy EWA \u017bywiec oferuje wczasy zagraniczne oraz wycieczki najwi\u0119kszych biur podr\u00f3\u017cy: TUI, Itaka, Rainbow Tours, Coral Travel. Zarezerwuj z nami swoje wymarzone wakacje.","breadcrumb":{"@id":"https:\/\/www.btewa.com.pl\/?page_id=51#breadcrumb"},"inLanguage":"pl-PL","potentialAction":[{"@type":"ReadAction","target":["https:\/\/www.btewa.com.pl\/?page_id=51"]}]},{"@type":"BreadcrumbList","@id":"https:\/\/www.btewa.com.pl\/?page_id=51#breadcrumb","itemListElement":[{"@type":"ListItem","position":1,"name":"Strona g\u0142\u00f3wna","item":"https:\/\/www.btewa.com.pl\/"},{"@type":"ListItem","position":2,"name":"Oferta"}]},{"@type":"WebSite","@id":"https:\/\/www.btewa.com.pl\/#website","url":"https:\/\/www.btewa.com.pl\/","name":"Biuro Podr\u00f3\u017cy EWA \u017bywiec - wczasy za granic\u0105, wakacje, wycieczki, oferty last minute oraz first minute","description":"Biuro Podr\u00f3\u017cy EWA oferuje wczasy zagraniczne oraz wycieczki najwi\u0119kszych biur podr\u00f3zy: TUI, Itaka, Rainbow Tours, Coral Travel. Zarezerwuj z nami swoje wymarzone wakacje.","publisher":{"@id":"https:\/\/www.btewa.com.pl\/#organization"},"potentialAction":[{"@type":"SearchAction","target":{"@type":"EntryPoint","urlTemplate":"https:\/\/www.btewa.com.pl\/?s={search_term_string}"},"query-input":{"@type":"PropertyValueSpecification","valueRequired":true,"valueName":"search_term_string"}}],"inLanguage":"pl-PL"},{"@type":"Organization","@id":"https:\/\/www.btewa.com.pl\/#organization","name":"Biuro Turystyczne EWA","url":"https:\/\/www.btewa.com.pl\/","logo":{"@type":"ImageObject","inLanguage":"pl-PL","@id":"https:\/\/www.btewa.com.pl\/#\/schema\/logo\/image\/","url":"https:\/\/www.btewa.com.pl\/wp-content\/uploads\/2021\/04\/cropped-icon.jpg","contentUrl":"https:\/\/www.btewa.com.pl\/wp-content\/uploads\/2021\/04\/cropped-icon.jpg","width":512,"height":512,"caption":"Biuro Turystyczne EWA"},"image":{"@id":"https:\/\/www.btewa.com.pl\/#\/schema\/logo\/image\/"},"sameAs":["http:\/\/www.facebook.com\/btewa"]}]}},"_links":{"self":[{"href":"https:\/\/www.btewa.com.pl\/index.php?rest_route=\/wp\/v2\/pages\/51","targetHints":{"allow":["GET"]}}],"collection":[{"href":"https:\/\/www.btewa.com.pl\/index.php?rest_route=\/wp\/v2\/pages"}],"about":[{"href":"https:\/\/www.btewa.com.pl\/index.php?rest_route=\/wp\/v2\/types\/page"}],"author":[{"embeddable":true,"href":"https:\/\/www.btewa.com.pl\/index.php?rest_route=\/wp\/v2\/users\/1"}],"replies":[{"embeddable":true,"href":"https:\/\/www.btewa.com.pl\/index.php?rest_route=%2Fwp%2Fv2%2Fcomments&post=51"}],"version-history":[{"count":4,"href":"https:\/\/www.btewa.com.pl\/index.php?rest_route=\/wp\/v2\/pages\/51\/revisions"}],"predecessor-version":[{"id":288,"href":"https:\/\/www.btewa.com.pl\/index.php?rest_route=\/wp\/v2\/pages\/51\/revisions\/288"}],"wp:attachment":[{"href":"https:\/\/www.btewa.com.pl\/index.php?rest_route=%2Fwp%2Fv2%2Fmedia&parent=51"}],"curies":[{"name":"wp","href":"https:\/\/api.w.org\/{rel}","templated":true}]}}